{"id":628,"date":"2026-02-11T12:22:02","date_gmt":"2026-02-11T11:22:02","guid":{"rendered":"https:\/\/prolog-one.de\/wordpress\/?page_id=628"},"modified":"2026-02-11T12:49:36","modified_gmt":"2026-02-11T11:49:36","slug":"coming-soon","status":"publish","type":"page","link":"https:\/\/prolog-one.de\/wordpress\/coming-soon\/","title":{"rendered":"Coming Soon"},"content":{"rendered":"\t\t<div data-elementor-type=\"wp-page\" data-elementor-id=\"628\" class=\"elementor elementor-628\" data-elementor-post-type=\"page\">\n\t\t\t\t<div class=\"elementor-element elementor-element-f0f8eef e-flex e-con-boxed e-con e-parent\" data-id=\"f0f8eef\" data-element_type=\"container\" data-settings=\"{&quot;background_background&quot;:&quot;classic&quot;,&quot;background_motion_fx_motion_fx_scrolling&quot;:&quot;yes&quot;,&quot;background_motion_fx_translateY_effect&quot;:&quot;yes&quot;,&quot;background_motion_fx_translateY_direction&quot;:&quot;negative&quot;,&quot;background_motion_fx_translateY_speed&quot;:{&quot;unit&quot;:&quot;px&quot;,&quot;size&quot;:4,&quot;sizes&quot;:[]},&quot;background_motion_fx_translateY_affectedRange&quot;:{&quot;unit&quot;:&quot;%&quot;,&quot;size&quot;:&quot;&quot;,&quot;sizes&quot;:{&quot;start&quot;:0,&quot;end&quot;:100}},&quot;background_motion_fx_devices&quot;:[&quot;desktop&quot;,&quot;tablet&quot;,&quot;mobile&quot;]}\">\n\t\t\t\t\t<div class=\"e-con-inner\">\n\t\t<div class=\"elementor-element elementor-element-1c351fc e-con-full e-flex e-con e-child\" data-id=\"1c351fc\" data-element_type=\"container\">\n\t\t\t\t<div class=\"elementor-element elementor-element-64af73a elementor-widget elementor-widget-heading\" data-id=\"64af73a\" data-element_type=\"widget\" data-widget_type=\"heading.default\">\n\t\t\t\t\t<h1 class=\"elementor-heading-title elementor-size-default\">Bald f\u00fcr Sie verf\u00fcgbar.<\/h1>\t\t\t\t<\/div>\n\t\t<div class=\"elementor-element elementor-element-a688ad7 e-con-full e-flex e-con e-child\" data-id=\"a688ad7\" data-element_type=\"container\">\n\t\t\t\t<div class=\"elementor-element elementor-element-66b31d8 elementor-widget__width-initial elementor-widget elementor-widget-text-editor\" data-id=\"66b31d8\" data-element_type=\"widget\" data-widget_type=\"text-editor.default\">\n\t\t\t\t\t\t\t\t\tDie Website wird aktuell \u00fcberarbeitet. In K\u00fcrze erfahren Sie mehr \u00fcber unsere Beratung f\u00fcr Produktionslogistik und digitale Transformation.\t\t\t\t\t\t\t\t<\/div>\n\t\t\t\t<\/div>\n\t\t\t\t<div class=\"elementor-element elementor-element-78d77cc po-animated-arrow-button-right elementor-align-center elementor-widget elementor-widget-button\" data-id=\"78d77cc\" data-element_type=\"widget\" data-widget_type=\"button.default\">\n\t\t\t\t\t\t\t\t\t\t<a class=\"elementor-button elementor-button-link elementor-size-sm\" href=\"mailto:hi@prolog.one\">\n\t\t\t\t\t\t<span class=\"elementor-button-content-wrapper\">\n\t\t\t\t\t\t<span class=\"elementor-button-icon\">\n\t\t\t\t<svg xmlns=\"http:\/\/www.w3.org\/2000\/svg\" height=\"24px\" viewBox=\"0 -960 960 960\" width=\"24px\" fill=\"#FFFFFF\"><path d=\"M647-440H160v-80h487L423-744l57-56 320 320-320 320-57-56 224-224Z\"><\/path><\/svg>\t\t\t<\/span>\n\t\t\t\t\t\t\t\t\t<span class=\"elementor-button-text\">Kontakt aufnehmen<\/span>\n\t\t\t\t\t<\/span>\n\t\t\t\t\t<\/a>\n\t\t\t\t\t\t\t\t<\/div>\n\t\t\t\t<\/div>\n\t\t\t\t\t<\/div>\n\t\t\t\t<\/div>\n\t\t\t\t<\/div>\n\t\t","protected":false},"excerpt":{"rendered":"<p>Bald f\u00fcr Sie verf\u00fcgbar. Die Website wird aktuell \u00fcberarbeitet. In K\u00fcrze erfahren Sie mehr \u00fcber unsere Beratung f\u00fcr Produktionslogistik und digitale Transformation. Kontakt aufnehmen<\/p>\n","protected":false},"author":1,"featured_media":0,"parent":0,"menu_order":0,"comment_status":"closed","ping_status":"closed","template":"elementor_header_footer","meta":{"footnotes":""},"class_list":["post-628","page","type-page","status-publish","hentry"],"_links":{"self":[{"href":"https:\/\/prolog-one.de\/wordpress\/wp-json\/wp\/v2\/pages\/628","targetHints":{"allow":["GET"]}}],"collection":[{"href":"https:\/\/prolog-one.de\/wordpress\/wp-json\/wp\/v2\/pages"}],"about":[{"href":"https:\/\/prolog-one.de\/wordpress\/wp-json\/wp\/v2\/types\/page"}],"author":[{"embeddable":true,"href":"https:\/\/prolog-one.de\/wordpress\/wp-json\/wp\/v2\/users\/1"}],"replies":[{"embeddable":true,"href":"https:\/\/prolog-one.de\/wordpress\/wp-json\/wp\/v2\/comments?post=628"}],"version-history":[{"count":13,"href":"https:\/\/prolog-one.de\/wordpress\/wp-json\/wp\/v2\/pages\/628\/revisions"}],"predecessor-version":[{"id":658,"href":"https:\/\/prolog-one.de\/wordpress\/wp-json\/wp\/v2\/pages\/628\/revisions\/658"}],"wp:attachment":[{"href":"https:\/\/prolog-one.de\/wordpress\/wp-json\/wp\/v2\/media?parent=628"}],"curies":[{"name":"wp","href":"https:\/\/api.w.org\/{rel}","templated":true}]}}